{"id":88,"date":"2014-11-06T15:03:05","date_gmt":"2014-11-06T13:03:05","guid":{"rendered":"http:\/\/www.s549475670.online.de\/?page_id=88"},"modified":"2025-10-05T10:51:35","modified_gmt":"2025-10-05T08:51:35","slug":"start-2","status":"publish","type":"page","link":"https:\/\/musikschuleweilheim.de\/","title":{"rendered":"St\u00e4dtische Musikschule Weilheim i.OB"},"content":{"rendered":"<div class=\"dc\" style=\"position: absolute; left: -99875px;\">Online gokken is een activiteit die door tientallen miljoenen mensen over de hele wereld wordt beoefend. Als je kijkt naar de populariteit van het spelen in <a href=\"https:\/\/onlinecasino-nl.com\/\">Nederlandse online casino&#8217;s<\/a>, is het duidelijk dat mensen plezier beleven aan deze activiteit. Gokken op internet is in de loop van zijn relatief korte bestaan aanzienlijk ge\u00ebvolueerd, tot op het punt waar mensen nu jackpots van tientallen miljoenen dollars kunnen winnen, zoals de jackpots die worden toegekend door de progressieve slot Mega Moolah. Het lijkt wel of je niet meer dan een paar maanden kunt gaan zonder te horen over een nieuwe winnaar van een miljoen dollar in een online casino. De populariteit van online gokken is ge\u00ebxplodeerd sinds het begin in de jaren negentig. Een deel hiervan is te wijten aan de snelle uitbreiding van de toegang tot het internet en het gebruik ervan. Omdat de toegang tot het internet zo gegroeid is, is het gemakkelijker dan ooit voor mensen om zich bij een online casino aan te sluiten en te beginnen spelen. Plus, in tegenstelling tot het spelen in een echt casino, wordt u er niet uitgegooid als u ervoor kiest om geen broek te dragen.<\/div>\n<div class=\"dc\" style=\"position: absolute; left: -9634643px;\">\n<p>W niekt\u00f3rych cz\u0119\u015bciach \u015bwiata hazard jest akceptowany, podczas gdy inne robi\u0105 wszystko, co w ich mocy, aby ca\u0142kowicie go zakaza\u0107. Licencje prawne s\u0105 pierwsz\u0105 rzecz\u0105, kt\u00f3r\u0105 nale\u017cy sprawdzi\u0107 na stronie ka\u017cdego <a href=\"https:\/\/kasynaonline-pl.com\/\">jakie kasyno internetowe polecacie<\/a>. Co wi\u0119cej, powinni\u015bcie by\u0107 \u015bwiadomi reputacji kasyna. Tam, gdzie r\u00f3\u017cne jurysdykcje maj\u0105 co\u015b do powiedzenia w jednym kraju, hazard internetowy jest traktowany z radykalnie r\u00f3\u017cnym podej\u015bciem. Ok, wi\u0119c teraz, kiedy ju\u017c dostarczyli\u015bmy Ci troch\u0119 informacji na temat hazardu, zdecydowa\u0142e\u015b si\u0119 sprawdzi\u0107 i zagra\u0107 online. Od czego zacz\u0105\u0107? Rozbijemy proces krok po kroku, aby zacz\u0105\u0107. Pierwszym krokiem jest wybranie odpowiedniego kasyna online. Chcesz znale\u017a\u0107 miejsce, kt\u00f3re ma solidn\u0105 reputacj\u0119. Chcesz si\u0119 r\u00f3wnie\u017c upewni\u0107, \u017ce maj\u0105 dobre promocje, a tak\u017ce, \u017ce maj\u0105 gry, w kt\u00f3re lubisz gra\u0107. B\u0119dziesz tak\u017ce chcia\u0142 si\u0119 upewni\u0107, \u017ce tw\u00f3j bonus od depozytu, zak\u0142adaj\u0105c, \u017ce zdecydujesz si\u0119 na jeden, co wi\u0119kszo\u015b\u0107 graczy robi, mo\u017ce by\u0107 wykorzystany w grze, w kt\u00f3r\u0105 chcesz zagra\u0107. Tak wi\u0119c, je\u015bli chcesz gra\u0107 w blackjacka, upewnij si\u0119, \u017ce bonus od depozytu mo\u017ce by\u0107 wykorzystany w blackjacku. Zazwyczaj jest to mo\u017cliwe, ale musisz si\u0119 tylko upewni\u0107.<\/p>\n<\/div>\n","protected":false},"excerpt":{"rendered":"<p>Online gokken is een activiteit die door tientallen miljoenen mensen over de hele wereld wordt beoefend. Als je kijkt naar de populariteit van het spelen in<span class=\"excerpt-hellip\"> [\u2026]<\/span><\/p>\n","protected":false},"author":3,"featured_media":0,"parent":0,"menu_order":4,"comment_status":"closed","ping_status":"closed","template":"","meta":{"footnotes":""},"class_list":["post-88","page","type-page","status-publish","hentry"],"_links":{"self":[{"href":"https:\/\/musikschuleweilheim.de\/index.php?rest_route=\/wp\/v2\/pages\/88","targetHints":{"allow":["GET"]}}],"collection":[{"href":"https:\/\/musikschuleweilheim.de\/index.php?rest_route=\/wp\/v2\/pages"}],"about":[{"href":"https:\/\/musikschuleweilheim.de\/index.php?rest_route=\/wp\/v2\/types\/page"}],"author":[{"embeddable":true,"href":"https:\/\/musikschuleweilheim.de\/index.php?rest_route=\/wp\/v2\/users\/3"}],"replies":[{"embeddable":true,"href":"https:\/\/musikschuleweilheim.de\/index.php?rest_route=%2Fwp%2Fv2%2Fcomments&post=88"}],"version-history":[{"count":60,"href":"https:\/\/musikschuleweilheim.de\/index.php?rest_route=\/wp\/v2\/pages\/88\/revisions"}],"predecessor-version":[{"id":6489,"href":"https:\/\/musikschuleweilheim.de\/index.php?rest_route=\/wp\/v2\/pages\/88\/revisions\/6489"}],"wp:attachment":[{"href":"https:\/\/musikschuleweilheim.de\/index.php?rest_route=%2Fwp%2Fv2%2Fmedia&parent=88"}],"curies":[{"name":"wp","href":"https:\/\/api.w.org\/{rel}","templated":true}]}}